{"id":98,"date":"2019-05-20T18:59:14","date_gmt":"2019-05-20T18:59:14","guid":{"rendered":"https:\/\/www.xn--feuerwehr-prnbach-9zb.de\/wordpress\/?page_id=98"},"modified":"2019-05-22T19:13:10","modified_gmt":"2019-05-22T17:13:10","slug":"absturzsicherungssatz","status":"publish","type":"page","link":"https:\/\/www.xn--feuerwehr-prnbach-9zb.de\/wordpress\/index.php\/absturzsicherungssatz\/","title":{"rendered":"ABSTURZSICHERUNGSSATZ"},"content":{"rendered":"<p>Bei der Brandbek\u00e4mpfung und bei der technischen Hilfeleistung l\u00e4sst es sich in manchen F\u00e4llen nicht vermeiden, dass sich Feuerwehrdienstleistende in absturzgef\u00e4hrdete Bereiche begeben m\u00fcssen.<\/p>\n<p>Absturzsicherung ist die Sicherung von Einsatzkr\u00e4ften, die in absturzgef\u00e4hrdeten Bereichen arbeiten und bei denen ein freier Fall nicht auszuschlie\u00dfen ist.<\/p>\n<p>Hierzu wird der Ger\u00e4tesatz Absturzsicherung eingesetzt.<\/p>\n<p><a href=\"http:\/\/www.xn--feuerwehr-prnbach-9zb.de\/wordpress\/wp-content\/uploads\/2015\/12\/MG_7022.jpg\" rel=\"attachment wp-att-754\"><img loading=\"lazy\" decoding=\"async\" class=\"alignnone  wp-image-298\" src=\"https:\/\/www.xn--feuerwehr-prnbach-9zb.de\/wordpress\/wp-content\/uploads\/2019\/05\/MG_7022-300x200.jpg\" alt=\"\" width=\"575\" height=\"383\" srcset=\"https:\/\/www.xn--feuerwehr-prnbach-9zb.de\/wordpress\/wp-content\/uploads\/2019\/05\/MG_7022-300x200.jpg 300w, https:\/\/www.xn--feuerwehr-prnbach-9zb.de\/wordpress\/wp-content\/uploads\/2019\/05\/MG_7022-768x512.jpg 768w, https:\/\/www.xn--feuerwehr-prnbach-9zb.de\/wordpress\/wp-content\/uploads\/2019\/05\/MG_7022-1024x683.jpg 1024w\" sizes=\"auto, (max-width: 575px) 100vw, 575px\" \/><\/a><\/p>\n<p>Zur Nutzung des Ger\u00e4tesatz Absturzsicherung ist eine gesonderte Ausbildung der Feuerwehrleute notwendig.<\/p>\n<p>Die Feuerwehr P\u00f6rnbach stellt hierf\u00fcr eine eigene Gruppe Absturzsicherung. Die Mitglieder wurden hierf\u00fcr in einem Modul Absturzsicherung mit 20 \u00dcbungsstunden durch eigene Ausbilder geschult. J\u00e4hrlich werden Wiederholungs\u00fcbungen durchgef\u00fchrt um die umfangreiche Thematik Absturzsicherung routiniert zu beherrschen.<\/p>\n<p>Um die Sicherheit der Nutzer zu gew\u00e4hrleisten m\u00fcssen die einzelnen Bestandteile des\u00a0Ger\u00e4tesatz Absturzsicherung, neben der Sichtkontrolle vor und nach jedem Einsatz, einer j\u00e4hrlichen Kontrolle und Pr\u00fcfung durch einen Sachkundigen PSA Absturzsicherung unterzogen werden. Auch diese Aufgabe kann bei der FFW P\u00f6rnbach selbst durch einen ausgebildeten Sachkundigen PSA Absturzsicherung durchgef\u00fchrt werden.<\/p>\n","protected":false},"excerpt":{"rendered":"<p>Bei der Brandbek\u00e4mpfung und bei der technischen Hilfeleistung l\u00e4sst es sich in manchen F\u00e4llen nicht vermeiden, dass sich Feuerwehrdienstleistende in absturzgef\u00e4hrdete Bereiche begeben m\u00fcssen. Absturzsicherung ist die Sicherung von Einsatzkr\u00e4ften, &hellip; <a href=\"https:\/\/www.xn--feuerwehr-prnbach-9zb.de\/wordpress\/index.php\/absturzsicherungssatz\/\" class=\"more-link\"><span class=\"screen-reader-text\">ABSTURZSICHERUNGSSATZ<\/span> weiterlesen <span class=\"meta-nav\">&rarr;<\/span><\/a><\/p>\n","protected":false},"author":1,"featured_media":299,"parent":0,"menu_order":0,"comment_status":"closed","ping_status":"closed","template":"","meta":{"footnotes":""},"class_list":["post-98","page","type-page","status-publish","has-post-thumbnail","hentry"],"_links":{"self":[{"href":"https:\/\/www.xn--feuerwehr-prnbach-9zb.de\/wordpress\/index.php\/wp-json\/wp\/v2\/pages\/98","targetHints":{"allow":["GET"]}}],"collection":[{"href":"https:\/\/www.xn--feuerwehr-prnbach-9zb.de\/wordpress\/index.php\/wp-json\/wp\/v2\/pages"}],"about":[{"href":"https:\/\/www.xn--feuerwehr-prnbach-9zb.de\/wordpress\/index.php\/wp-json\/wp\/v2\/types\/page"}],"author":[{"embeddable":true,"href":"https:\/\/www.xn--feuerwehr-prnbach-9zb.de\/wordpress\/index.php\/wp-json\/wp\/v2\/users\/1"}],"replies":[{"embeddable":true,"href":"https:\/\/www.xn--feuerwehr-prnbach-9zb.de\/wordpress\/index.php\/wp-json\/wp\/v2\/comments?post=98"}],"version-history":[{"count":5,"href":"https:\/\/www.xn--feuerwehr-prnbach-9zb.de\/wordpress\/index.php\/wp-json\/wp\/v2\/pages\/98\/revisions"}],"predecessor-version":[{"id":401,"href":"https:\/\/www.xn--feuerwehr-prnbach-9zb.de\/wordpress\/index.php\/wp-json\/wp\/v2\/pages\/98\/revisions\/401"}],"wp:featuredmedia":[{"embeddable":true,"href":"https:\/\/www.xn--feuerwehr-prnbach-9zb.de\/wordpress\/index.php\/wp-json\/wp\/v2\/media\/299"}],"wp:attachment":[{"href":"https:\/\/www.xn--feuerwehr-prnbach-9zb.de\/wordpress\/index.php\/wp-json\/wp\/v2\/media?parent=98"}],"curies":[{"name":"wp","href":"https:\/\/api.w.org\/{rel}","templated":true}]}}