{"id":93,"date":"2019-05-20T18:59:14","date_gmt":"2019-05-20T18:59:14","guid":{"rendered":"https:\/\/www.xn--feuerwehr-prnbach-9zb.de\/wordpress\/?page_id=93"},"modified":"2019-05-31T00:06:42","modified_gmt":"2019-05-30T22:06:42","slug":"mehrzweckanhaenger","status":"publish","type":"page","link":"https:\/\/www.xn--feuerwehr-prnbach-9zb.de\/wordpress\/index.php\/mehrzweckanhaenger\/","title":{"rendered":"MEHRZWECKANH\u00c4NGER"},"content":{"rendered":"<p><strong>Hersteller:<\/strong>\u00a0Westfalia \u2013 Werke<\/p>\n<p><strong>Erstzulassung:<\/strong>\u00a011.07.2001<\/p>\n<p><strong>Nutzlast:<\/strong>\u00a0750 kg<\/p>\n<p>Der Mehrzweckanh\u00e4nger ist ein Anh\u00e4nger den die Feuerwehr P\u00f6rnbach daf\u00fcr nutzt, um allt\u00e4gliche Aufgaben im Feuerwehrdienst erledigen zu k\u00f6nnen.<\/p>\n<p>Ebenfalls wird der Anh\u00e4nger f\u00fcr den Transport von Material und Ger\u00e4te zum Einsatzort und zur\u00fcck ins Ger\u00e4tehaus genutzt.<\/p>\n<p>&nbsp;<\/p>\n<p>Die Anbauten wie Holzkiste, Netzbefestigung, usw. wurden von unseren Feuerwehrmitgliedern in Eigenleistung entworfen und angebaut.<\/p>\n","protected":false},"excerpt":{"rendered":"<p>Hersteller:\u00a0Westfalia \u2013 Werke Erstzulassung:\u00a011.07.2001 Nutzlast:\u00a0750 kg Der Mehrzweckanh\u00e4nger ist ein Anh\u00e4nger den die Feuerwehr P\u00f6rnbach daf\u00fcr nutzt, um allt\u00e4gliche Aufgaben im Feuerwehrdienst erledigen zu k\u00f6nnen. Ebenfalls wird der Anh\u00e4nger f\u00fcr &hellip; <a href=\"https:\/\/www.xn--feuerwehr-prnbach-9zb.de\/wordpress\/index.php\/mehrzweckanhaenger\/\" class=\"more-link\"><span class=\"screen-reader-text\">MEHRZWECKANH\u00c4NGER<\/span> weiterlesen <span class=\"meta-nav\">&rarr;<\/span><\/a><\/p>\n","protected":false},"author":1,"featured_media":564,"parent":0,"menu_order":0,"comment_status":"closed","ping_status":"closed","template":"","meta":{"footnotes":""},"class_list":["post-93","page","type-page","status-publish","has-post-thumbnail","hentry"],"_links":{"self":[{"href":"https:\/\/www.xn--feuerwehr-prnbach-9zb.de\/wordpress\/index.php\/wp-json\/wp\/v2\/pages\/93","targetHints":{"allow":["GET"]}}],"collection":[{"href":"https:\/\/www.xn--feuerwehr-prnbach-9zb.de\/wordpress\/index.php\/wp-json\/wp\/v2\/pages"}],"about":[{"href":"https:\/\/www.xn--feuerwehr-prnbach-9zb.de\/wordpress\/index.php\/wp-json\/wp\/v2\/types\/page"}],"author":[{"embeddable":true,"href":"https:\/\/www.xn--feuerwehr-prnbach-9zb.de\/wordpress\/index.php\/wp-json\/wp\/v2\/users\/1"}],"replies":[{"embeddable":true,"href":"https:\/\/www.xn--feuerwehr-prnbach-9zb.de\/wordpress\/index.php\/wp-json\/wp\/v2\/comments?post=93"}],"version-history":[{"count":4,"href":"https:\/\/www.xn--feuerwehr-prnbach-9zb.de\/wordpress\/index.php\/wp-json\/wp\/v2\/pages\/93\/revisions"}],"predecessor-version":[{"id":568,"href":"https:\/\/www.xn--feuerwehr-prnbach-9zb.de\/wordpress\/index.php\/wp-json\/wp\/v2\/pages\/93\/revisions\/568"}],"wp:featuredmedia":[{"embeddable":true,"href":"https:\/\/www.xn--feuerwehr-prnbach-9zb.de\/wordpress\/index.php\/wp-json\/wp\/v2\/media\/564"}],"wp:attachment":[{"href":"https:\/\/www.xn--feuerwehr-prnbach-9zb.de\/wordpress\/index.php\/wp-json\/wp\/v2\/media?parent=93"}],"curies":[{"name":"wp","href":"https:\/\/api.w.org\/{rel}","templated":true}]}}