{"id":92,"date":"2019-05-20T18:59:14","date_gmt":"2019-05-20T18:59:14","guid":{"rendered":"https:\/\/www.xn--feuerwehr-prnbach-9zb.de\/wordpress\/?page_id=92"},"modified":"2019-05-31T00:07:06","modified_gmt":"2019-05-30T22:07:06","slug":"geraeteanhaenger","status":"publish","type":"page","link":"https:\/\/www.xn--feuerwehr-prnbach-9zb.de\/wordpress\/index.php\/geraeteanhaenger\/","title":{"rendered":"GER\u00c4TEANH\u00c4NGER"},"content":{"rendered":"<p>Hersteller: Boeckmann<\/p>\n<p>Erstzulassung: 13.03.2006<\/p>\n<p>Nutzlast: 2000 kg<\/p>\n<p>Im Ger\u00e4teanh\u00e4nger sind verschiedene Ger\u00e4te der Feuerwehr P\u00f6rnbach auf entnehmbare W\u00e4gen verbaut. Der Anh\u00e4nger wird als Unterst\u00fctzungsgruppe f\u00fcr unser HLF 20\/16 verwendet (L\u00f6schaufbau, kleine THL, verkehrsleitende Ma\u00dfnahmen, usw.)<\/p>\n<p>&nbsp;<\/p>\n<p>Ebenfalls kommt der Anh\u00e4nger in Verbindung mit der Hannibal Hochwasserpumpe zum Einsatz. In diesem Einsatzfall werden die Schl\u00e4uche der Hannibal mit diesem Anh\u00e4nger transportiert.<\/p>\n<p>&nbsp;<\/p>\n<p>Der Mehrzweckanh\u00e4nger im Detail<\/p>\n<p>Steuerkiste vorne auf Deichsel<\/p>\n<p>Ger\u00e4teanh\u00e4nger Stromkiste<\/p>\n<p>&nbsp;<\/p>\n<p>Blaulichtsteuerung, Ladeger\u00e4t, Lichtsteuerung<\/p>\n<p>&nbsp;<\/p>\n<p>Ger\u00e4teraum links in Fahrtrichtung<\/p>\n<p>Ger\u00e4teanh\u00e4nger Ger\u00e4teraum links<\/p>\n<p>&nbsp;<\/p>\n<p>Stromerzeuger, Power Moon, Motors\u00e4ge, Axt, \u2026<\/p>\n<p>&nbsp;<\/p>\n<p>Ger\u00e4teraum rechts in Fahrtrichtung<\/p>\n<p>Ger\u00e4teanh\u00e4nger Ger\u00e4teraum rechts<\/p>\n<p>&nbsp;<\/p>\n<p>DEKON Platz f\u00fcr Erstangriff, Verkehrsleitmaterial, Zelt, \u2026<\/p>\n<p>&nbsp;<\/p>\n<p>Ger\u00e4teraum hinten (Verkehrsabsicherung)<\/p>\n<p>Ger\u00e4teanh\u00e4nger von hinten<\/p>\n","protected":false},"excerpt":{"rendered":"<p>Hersteller: Boeckmann Erstzulassung: 13.03.2006 Nutzlast: 2000 kg Im Ger\u00e4teanh\u00e4nger sind verschiedene Ger\u00e4te der Feuerwehr P\u00f6rnbach auf entnehmbare W\u00e4gen verbaut. Der Anh\u00e4nger wird als Unterst\u00fctzungsgruppe f\u00fcr unser HLF 20\/16 verwendet (L\u00f6schaufbau, &hellip; <a href=\"https:\/\/www.xn--feuerwehr-prnbach-9zb.de\/wordpress\/index.php\/geraeteanhaenger\/\" class=\"more-link\"><span class=\"screen-reader-text\">GER\u00c4TEANH\u00c4NGER<\/span> weiterlesen <span class=\"meta-nav\">&rarr;<\/span><\/a><\/p>\n","protected":false},"author":1,"featured_media":562,"parent":0,"menu_order":0,"comment_status":"closed","ping_status":"closed","template":"","meta":{"footnotes":""},"class_list":["post-92","page","type-page","status-publish","has-post-thumbnail","hentry"],"_links":{"self":[{"href":"https:\/\/www.xn--feuerwehr-prnbach-9zb.de\/wordpress\/index.php\/wp-json\/wp\/v2\/pages\/92","targetHints":{"allow":["GET"]}}],"collection":[{"href":"https:\/\/www.xn--feuerwehr-prnbach-9zb.de\/wordpress\/index.php\/wp-json\/wp\/v2\/pages"}],"about":[{"href":"https:\/\/www.xn--feuerwehr-prnbach-9zb.de\/wordpress\/index.php\/wp-json\/wp\/v2\/types\/page"}],"author":[{"embeddable":true,"href":"https:\/\/www.xn--feuerwehr-prnbach-9zb.de\/wordpress\/index.php\/wp-json\/wp\/v2\/users\/1"}],"replies":[{"embeddable":true,"href":"https:\/\/www.xn--feuerwehr-prnbach-9zb.de\/wordpress\/index.php\/wp-json\/wp\/v2\/comments?post=92"}],"version-history":[{"count":3,"href":"https:\/\/www.xn--feuerwehr-prnbach-9zb.de\/wordpress\/index.php\/wp-json\/wp\/v2\/pages\/92\/revisions"}],"predecessor-version":[{"id":569,"href":"https:\/\/www.xn--feuerwehr-prnbach-9zb.de\/wordpress\/index.php\/wp-json\/wp\/v2\/pages\/92\/revisions\/569"}],"wp:featuredmedia":[{"embeddable":true,"href":"https:\/\/www.xn--feuerwehr-prnbach-9zb.de\/wordpress\/index.php\/wp-json\/wp\/v2\/media\/562"}],"wp:attachment":[{"href":"https:\/\/www.xn--feuerwehr-prnbach-9zb.de\/wordpress\/index.php\/wp-json\/wp\/v2\/media?parent=92"}],"curies":[{"name":"wp","href":"https:\/\/api.w.org\/{rel}","templated":true}]}}