{"id":63,"date":"2019-05-20T18:13:55","date_gmt":"2019-05-20T18:13:55","guid":{"rendered":"https:\/\/www.xn--feuerwehr-prnbach-9zb.de\/wordpress\/?page_id=63"},"modified":"2019-05-20T21:14:56","modified_gmt":"2019-05-20T21:14:56","slug":"aus-dem-vereinsleben","status":"publish","type":"page","link":"https:\/\/www.xn--feuerwehr-prnbach-9zb.de\/wordpress\/index.php\/aus-dem-vereinsleben\/","title":{"rendered":"AUS DEM VEREINSLEBEN"},"content":{"rendered":"<p>Nicht nur Ehrgeiz, Flei\u00df und Arbeit tragen zu einem erfolgreichen Einsatz bei, sondern auch Zusammenhalt,Freundschaft, Spa\u00df und Gem\u00fctlichkeit.<\/p>\n<p>Deshalb werden bei der Feuerwehr P\u00f6rnbach auch Veranstaltungen organisiert und Feste gefeiert.<\/p>\n<p>Das j\u00e4hrliche Gartenfest am Pfingstsamstag ist ein solches Fest das von der Feuerwehr f\u00fcr die B\u00fcrger organisiert und abgehalten wird.<\/p>\n<p>Aber auch der w\u00f6chentliche Stammtisch jeden Montag ist ein wichtiges Instrument das Vereinsleben aufrecht zu erhalten und somit auch ein Team im Einsatz darzustellen bei dem jeder mit anpackt.<\/p>\n","protected":false},"excerpt":{"rendered":"<p>Nicht nur Ehrgeiz, Flei\u00df und Arbeit tragen zu einem erfolgreichen Einsatz bei, sondern auch Zusammenhalt,Freundschaft, Spa\u00df und Gem\u00fctlichkeit. Deshalb werden bei der Feuerwehr P\u00f6rnbach auch Veranstaltungen organisiert und Feste gefeiert. &hellip; <a href=\"https:\/\/www.xn--feuerwehr-prnbach-9zb.de\/wordpress\/index.php\/aus-dem-vereinsleben\/\" class=\"more-link\"><span class=\"screen-reader-text\">AUS DEM VEREINSLEBEN<\/span> weiterlesen <span class=\"meta-nav\">&rarr;<\/span><\/a><\/p>\n","protected":false},"author":1,"featured_media":0,"parent":0,"menu_order":0,"comment_status":"closed","ping_status":"closed","template":"","meta":{"footnotes":""},"class_list":["post-63","page","type-page","status-publish","hentry"],"_links":{"self":[{"href":"https:\/\/www.xn--feuerwehr-prnbach-9zb.de\/wordpress\/index.php\/wp-json\/wp\/v2\/pages\/63","targetHints":{"allow":["GET"]}}],"collection":[{"href":"https:\/\/www.xn--feuerwehr-prnbach-9zb.de\/wordpress\/index.php\/wp-json\/wp\/v2\/pages"}],"about":[{"href":"https:\/\/www.xn--feuerwehr-prnbach-9zb.de\/wordpress\/index.php\/wp-json\/wp\/v2\/types\/page"}],"author":[{"embeddable":true,"href":"https:\/\/www.xn--feuerwehr-prnbach-9zb.de\/wordpress\/index.php\/wp-json\/wp\/v2\/users\/1"}],"replies":[{"embeddable":true,"href":"https:\/\/www.xn--feuerwehr-prnbach-9zb.de\/wordpress\/index.php\/wp-json\/wp\/v2\/comments?post=63"}],"version-history":[{"count":2,"href":"https:\/\/www.xn--feuerwehr-prnbach-9zb.de\/wordpress\/index.php\/wp-json\/wp\/v2\/pages\/63\/revisions"}],"predecessor-version":[{"id":206,"href":"https:\/\/www.xn--feuerwehr-prnbach-9zb.de\/wordpress\/index.php\/wp-json\/wp\/v2\/pages\/63\/revisions\/206"}],"wp:attachment":[{"href":"https:\/\/www.xn--feuerwehr-prnbach-9zb.de\/wordpress\/index.php\/wp-json\/wp\/v2\/media?parent=63"}],"curies":[{"name":"wp","href":"https:\/\/api.w.org\/{rel}","templated":true}]}}