{"id":62,"date":"2019-05-20T18:13:55","date_gmt":"2019-05-20T18:13:55","guid":{"rendered":"https:\/\/www.xn--feuerwehr-prnbach-9zb.de\/wordpress\/?page_id=62"},"modified":"2021-05-17T20:33:27","modified_gmt":"2021-05-17T18:33:27","slug":"mitglied-werden","status":"publish","type":"page","link":"https:\/\/www.xn--feuerwehr-prnbach-9zb.de\/wordpress\/index.php\/mitglied-werden\/","title":{"rendered":"MITGLIED WERDEN"},"content":{"rendered":"<blockquote><p>Bei der Feuerwehr P\u00f6rnbach kann jeder Mitglied werden.<\/p><\/blockquote>\n<p>Die Satzung der Feuerwehr P\u00f6rnbach unterscheidet zwischen drei Arten der Mitgliedschaft.<\/p>\n<ul>\n<li>aktives Mitglied in der Feuerwehr P\u00f6rnbach<\/li>\n<li>passives Mitglied im Verein<\/li>\n<li>F\u00f6rdermitgliedschaft<\/li>\n<\/ul>\n<p>Jeder kann selbst entscheiden wie er die Feuerwehr P\u00f6rnbach unterst\u00fctzen will. N\u00e4here Informationen finden sie in der Satzung der Freiwilligen Feuerwehr P\u00f6rnbach e.V.<\/p>\n<p>&nbsp;<\/p>\n<p>Download der Mitgliedsantr\u00e4ge:<\/p>\n<p><a href=\"https:\/\/www.xn--feuerwehr-prnbach-9zb.de\/wordpress\/wp-content\/uploads\/2021\/05\/Aufnahmeantrag-aktiv-passiv-2018.pdf\">Aufnahmeantrag aktiv\/passiv<\/a><\/p>\n<p><a href=\"https:\/\/www.xn--feuerwehr-prnbach-9zb.de\/wordpress\/wp-content\/uploads\/2021\/05\/Aufnahmeantrag-foerderndes-Mitglied-2018.pdf\">Aufnahmeantrag F\u00f6rdermitglied<\/a><\/p>\n","protected":false},"excerpt":{"rendered":"<p>Bei der Feuerwehr P\u00f6rnbach kann jeder Mitglied werden. Die Satzung der Feuerwehr P\u00f6rnbach unterscheidet zwischen drei Arten der Mitgliedschaft. aktives Mitglied in der Feuerwehr P\u00f6rnbach passives Mitglied im Verein F\u00f6rdermitgliedschaft &hellip; <a href=\"https:\/\/www.xn--feuerwehr-prnbach-9zb.de\/wordpress\/index.php\/mitglied-werden\/\" class=\"more-link\"><span class=\"screen-reader-text\">MITGLIED WERDEN<\/span> weiterlesen <span class=\"meta-nav\">&rarr;<\/span><\/a><\/p>\n","protected":false},"author":1,"featured_media":0,"parent":0,"menu_order":0,"comment_status":"closed","ping_status":"closed","template":"","meta":{"footnotes":""},"class_list":["post-62","page","type-page","status-publish","hentry"],"_links":{"self":[{"href":"https:\/\/www.xn--feuerwehr-prnbach-9zb.de\/wordpress\/index.php\/wp-json\/wp\/v2\/pages\/62","targetHints":{"allow":["GET"]}}],"collection":[{"href":"https:\/\/www.xn--feuerwehr-prnbach-9zb.de\/wordpress\/index.php\/wp-json\/wp\/v2\/pages"}],"about":[{"href":"https:\/\/www.xn--feuerwehr-prnbach-9zb.de\/wordpress\/index.php\/wp-json\/wp\/v2\/types\/page"}],"author":[{"embeddable":true,"href":"https:\/\/www.xn--feuerwehr-prnbach-9zb.de\/wordpress\/index.php\/wp-json\/wp\/v2\/users\/1"}],"replies":[{"embeddable":true,"href":"https:\/\/www.xn--feuerwehr-prnbach-9zb.de\/wordpress\/index.php\/wp-json\/wp\/v2\/comments?post=62"}],"version-history":[{"count":4,"href":"https:\/\/www.xn--feuerwehr-prnbach-9zb.de\/wordpress\/index.php\/wp-json\/wp\/v2\/pages\/62\/revisions"}],"predecessor-version":[{"id":1065,"href":"https:\/\/www.xn--feuerwehr-prnbach-9zb.de\/wordpress\/index.php\/wp-json\/wp\/v2\/pages\/62\/revisions\/1065"}],"wp:attachment":[{"href":"https:\/\/www.xn--feuerwehr-prnbach-9zb.de\/wordpress\/index.php\/wp-json\/wp\/v2\/media?parent=62"}],"curies":[{"name":"wp","href":"https:\/\/api.w.org\/{rel}","templated":true}]}}