{"id":42,"date":"2019-05-20T18:08:13","date_gmt":"2019-05-20T18:08:13","guid":{"rendered":"https:\/\/www.xn--feuerwehr-prnbach-9zb.de\/wordpress\/?page_id=42"},"modified":"2019-05-30T10:21:17","modified_gmt":"2019-05-30T08:21:17","slug":"technik","status":"publish","type":"page","link":"https:\/\/www.xn--feuerwehr-prnbach-9zb.de\/wordpress\/","title":{"rendered":"TECHNIK"},"content":{"rendered":"<p><strong>Helfen dort wo Hilfe von N\u00f6ten ist<\/strong>, mit modernen Fahrzeugen und aktueller Rettungstechnik.<\/p>\n<p>Informieren Sie sich hier \u00fcber die Fahrzeuge, Ausr\u00fcstung und R\u00e4umlichkeiten der Feuerwehr P\u00f6rnbach.<\/p>\n","protected":false},"excerpt":{"rendered":"<p>Helfen dort wo Hilfe von N\u00f6ten ist, mit modernen Fahrzeugen und aktueller Rettungstechnik. Informieren Sie sich hier \u00fcber die Fahrzeuge, Ausr\u00fcstung und R\u00e4umlichkeiten der Feuerwehr P\u00f6rnbach.<\/p>\n","protected":false},"author":1,"featured_media":291,"parent":0,"menu_order":0,"comment_status":"closed","ping_status":"closed","template":"","meta":{"footnotes":""},"class_list":["post-42","page","type-page","status-publish","has-post-thumbnail","hentry"],"_links":{"self":[{"href":"https:\/\/www.xn--feuerwehr-prnbach-9zb.de\/wordpress\/index.php\/wp-json\/wp\/v2\/pages\/42","targetHints":{"allow":["GET"]}}],"collection":[{"href":"https:\/\/www.xn--feuerwehr-prnbach-9zb.de\/wordpress\/index.php\/wp-json\/wp\/v2\/pages"}],"about":[{"href":"https:\/\/www.xn--feuerwehr-prnbach-9zb.de\/wordpress\/index.php\/wp-json\/wp\/v2\/types\/page"}],"author":[{"embeddable":true,"href":"https:\/\/www.xn--feuerwehr-prnbach-9zb.de\/wordpress\/index.php\/wp-json\/wp\/v2\/users\/1"}],"replies":[{"embeddable":true,"href":"https:\/\/www.xn--feuerwehr-prnbach-9zb.de\/wordpress\/index.php\/wp-json\/wp\/v2\/comments?post=42"}],"version-history":[{"count":2,"href":"https:\/\/www.xn--feuerwehr-prnbach-9zb.de\/wordpress\/index.php\/wp-json\/wp\/v2\/pages\/42\/revisions"}],"predecessor-version":[{"id":209,"href":"https:\/\/www.xn--feuerwehr-prnbach-9zb.de\/wordpress\/index.php\/wp-json\/wp\/v2\/pages\/42\/revisions\/209"}],"wp:featuredmedia":[{"embeddable":true,"href":"https:\/\/www.xn--feuerwehr-prnbach-9zb.de\/wordpress\/index.php\/wp-json\/wp\/v2\/media\/291"}],"wp:attachment":[{"href":"https:\/\/www.xn--feuerwehr-prnbach-9zb.de\/wordpress\/index.php\/wp-json\/wp\/v2\/media?parent=42"}],"curies":[{"name":"wp","href":"https:\/\/api.w.org\/{rel}","templated":true}]}}