{"id":1302,"date":"2023-08-24T09:19:23","date_gmt":"2023-08-24T07:19:23","guid":{"rendered":"https:\/\/www.xn--feuerwehr-prnbach-9zb.de\/wordpress\/?page_id=1302"},"modified":"2023-08-24T09:30:06","modified_gmt":"2023-08-24T07:30:06","slug":"wer-sind-wir-2","status":"publish","type":"page","link":"https:\/\/www.xn--feuerwehr-prnbach-9zb.de\/wordpress\/index.php\/wer-sind-wir-2\/","title":{"rendered":"Wer sind wir?"},"content":{"rendered":"<p><img loading=\"lazy\" decoding=\"async\" class=\"aligncenter size-full wp-image-1290\" src=\"https:\/\/www.xn--feuerwehr-prnbach-9zb.de\/wordpress\/wp-content\/uploads\/2023\/08\/Banner_quer_220_x_75_cm_3.jpg\" alt=\"\" width=\"1571\" height=\"544\" srcset=\"https:\/\/www.xn--feuerwehr-prnbach-9zb.de\/wordpress\/wp-content\/uploads\/2023\/08\/Banner_quer_220_x_75_cm_3.jpg 1571w, https:\/\/www.xn--feuerwehr-prnbach-9zb.de\/wordpress\/wp-content\/uploads\/2023\/08\/Banner_quer_220_x_75_cm_3-300x104.jpg 300w, https:\/\/www.xn--feuerwehr-prnbach-9zb.de\/wordpress\/wp-content\/uploads\/2023\/08\/Banner_quer_220_x_75_cm_3-1024x355.jpg 1024w, https:\/\/www.xn--feuerwehr-prnbach-9zb.de\/wordpress\/wp-content\/uploads\/2023\/08\/Banner_quer_220_x_75_cm_3-768x266.jpg 768w, https:\/\/www.xn--feuerwehr-prnbach-9zb.de\/wordpress\/wp-content\/uploads\/2023\/08\/Banner_quer_220_x_75_cm_3-1536x532.jpg 1536w\" sizes=\"auto, (max-width: 1571px) 100vw, 1571px\" \/>Wir sind die Kinderfeuerwehr P\u00f6rnbach. Uns gibt es seit Mai 2019.<br \/>\nUnsere Gruppe umfasst max. 20 Kinder, um die sich 3 Betreuer k\u00fcmmern.<br \/>\nZu uns darf jedes Kind zwischen 6 und 11 Jahren kommen,<br \/>\nwelches feuerwehrbegeistert, wissbegierig und experimentierfreudig ist.<\/p>\n<p>Getreu unserem Motto\u00a0<span style=\"color: #ff0000;\"><strong>\u201eNur zusammen, nie allein, das muss Kameradschaft sein!\u201c<\/strong><\/span>\u00a0hat bei uns Kameradschaft oberste Priorit\u00e4t.<\/p>\n<p>Unser Ziel ist die erweiterte Brandschutzerziehung, die Bindung des<br \/>\nNachwuchses an die Feuerwehr, die F\u00f6rderung des technischen<br \/>\nVerst\u00e4ndnis und die F\u00f6rderung der Kameradschaft.<\/p>\n<p>Unsere Gruppen\u00fcbungen finden 14-t\u00e4gig (nicht in den Ferien) statt.<br \/>\nEine \u00dcbungsstunde dauert in der Regel 1,5 Stunden.<\/p>\n<p>Hier ein Auszug aus den bisherigen Gruppen\u00fcbungen:<\/p>\n<ul>\n<li>Brandschutzerziehung<\/li>\n<li>Experimente<\/li>\n<li>Erste Hilfe<\/li>\n<li>Verhalten im Notfall<\/li>\n<li>Spiel \/ Spa\u00df<\/li>\n<li>Ger\u00e4tekunde<\/li>\n<li>Knotenkunde<\/li>\n<li>Und noch viel mehr<\/li>\n<\/ul>\n<p>Die \u00dcbungen finden im Feuerwehrger\u00e4tehaus der FFW P\u00f6rnbach statt.<\/p>\n<blockquote><p>Wir freuen uns auf Euch!<\/p><\/blockquote>\n<p>Euer Kinderfeuerwehr-Team<\/p>\n<p>Kontakt Kinderfeuerwehr:\u00a0<a href=\"mailto:kinderfeuerwehr-poernbach@t-online.de\">kinderfeuerwehr-poernbach@t-online.de<\/a><\/p>\n","protected":false},"excerpt":{"rendered":"<p>Wir sind die Kinderfeuerwehr P\u00f6rnbach. Uns gibt es seit Mai 2019. Unsere Gruppe umfasst max. 20 Kinder, um die sich 3 Betreuer k\u00fcmmern. Zu uns darf jedes Kind zwischen 6 &hellip; <a href=\"https:\/\/www.xn--feuerwehr-prnbach-9zb.de\/wordpress\/index.php\/wer-sind-wir-2\/\" class=\"more-link\"><span class=\"screen-reader-text\">Wer sind wir?<\/span> weiterlesen <span class=\"meta-nav\">&rarr;<\/span><\/a><\/p>\n","protected":false},"author":5,"featured_media":0,"parent":0,"menu_order":0,"comment_status":"closed","ping_status":"closed","template":"","meta":{"footnotes":""},"class_list":["post-1302","page","type-page","status-publish","hentry"],"_links":{"self":[{"href":"https:\/\/www.xn--feuerwehr-prnbach-9zb.de\/wordpress\/index.php\/wp-json\/wp\/v2\/pages\/1302","targetHints":{"allow":["GET"]}}],"collection":[{"href":"https:\/\/www.xn--feuerwehr-prnbach-9zb.de\/wordpress\/index.php\/wp-json\/wp\/v2\/pages"}],"about":[{"href":"https:\/\/www.xn--feuerwehr-prnbach-9zb.de\/wordpress\/index.php\/wp-json\/wp\/v2\/types\/page"}],"author":[{"embeddable":true,"href":"https:\/\/www.xn--feuerwehr-prnbach-9zb.de\/wordpress\/index.php\/wp-json\/wp\/v2\/users\/5"}],"replies":[{"embeddable":true,"href":"https:\/\/www.xn--feuerwehr-prnbach-9zb.de\/wordpress\/index.php\/wp-json\/wp\/v2\/comments?post=1302"}],"version-history":[{"count":5,"href":"https:\/\/www.xn--feuerwehr-prnbach-9zb.de\/wordpress\/index.php\/wp-json\/wp\/v2\/pages\/1302\/revisions"}],"predecessor-version":[{"id":1312,"href":"https:\/\/www.xn--feuerwehr-prnbach-9zb.de\/wordpress\/index.php\/wp-json\/wp\/v2\/pages\/1302\/revisions\/1312"}],"wp:attachment":[{"href":"https:\/\/www.xn--feuerwehr-prnbach-9zb.de\/wordpress\/index.php\/wp-json\/wp\/v2\/media?parent=1302"}],"curies":[{"name":"wp","href":"https:\/\/api.w.org\/{rel}","templated":true}]}}