{"id":113,"date":"2019-05-20T18:59:14","date_gmt":"2019-05-20T18:59:14","guid":{"rendered":"https:\/\/www.xn--feuerwehr-prnbach-9zb.de\/wordpress\/?page_id=113"},"modified":"2021-05-13T13:30:38","modified_gmt":"2021-05-13T11:30:38","slug":"wespen-hornissen","status":"publish","type":"page","link":"https:\/\/www.xn--feuerwehr-prnbach-9zb.de\/wordpress\/index.php\/wespen-hornissen\/","title":{"rendered":"WESPEN \/ HORNISSEN"},"content":{"rendered":"<p>Ab Ende Mai fliegen sie wieder: denn Sommerzeit ist Wespenzeit. Doch die Begegnung mit Wespen ist noch l\u00e4ngst kein Grund zur Panik. Denn Wespe ist nicht gleich Wespe. Lediglich zwei Arten, die Deutsche Wespe und die Gemeine Wespe, sorgen f\u00fcr den schlechten Ruf der Insekten. Denn sie sind mit einem Wehrstachel und einer Giftdr\u00fcse ausger\u00fcstet, mit denen sie schmerzhafte Stiche hinterlassen k\u00f6nnen.<br \/>\nUnd sie k\u00f6nnen dem Menschen l\u00e4stig werden, indem sie Nahrungsmittel anfliegen, um Futter f\u00fcr sich und ihre Brut zu sammeln. Gerade im Sp\u00e4tsommer sind Wespen besonders<br \/>\naufdringlich, da sie gezielt nach Zucker und somit s\u00fc\u00dfen Speisen suchen. Deshalb haben wir f\u00fcr Sie die wichtigsten Tipps im Umgang mit Wespen zusammengetragen. Doch schon bald n\u00e4hert sich die Wespenzeit wieder dem Ende, da die Wespenv\u00f6lker nur bis zum Ende des Sp\u00e4tsommers leben.<br \/>\n<u>Allgemeine Tipps:<\/u><br \/>\n\u2013 Ruhe bewahren<br \/>\n\u2013 S\u00fc\u00dfigkeiten, Nahrungsmittel und Getr\u00e4nke im Freien abdecken<br \/>\n\u2013 Trinkhalme verwenden<br \/>\n\u2013 Essensreste wegr\u00e4umen<br \/>\n\u2013 Kindern nach dem Essen Gesicht und H\u00e4nde abwischen<br \/>\n\u2013 M\u00fclleimer und Kompost abdecken<br \/>\n\u2013 Hektische oder panische Bewegungen vermeiden<br \/>\n\u2013 Nicht anpusten (Kohlendioxid ist f\u00fcr sie ein Alarmsignal)<br \/>\n\u2013 auf gebl\u00fcmte Kleidung und duftendes Parf\u00fcm verzichten<br \/>\n\u2013 Fliegengitter (Maschenweite kleiner 3 mm) halten Insekten aus Wohnr\u00e4umen fern<\/p>\n<p><span style=\"color: #ff0000;\">Weitere Informationen k\u00f6nnen sie dem Beigef\u00fcgten Flyer des Landratsamt Pfaffenhofen a.d. Ilm entnehmen.<\/span><\/p>\n<p><a href=\"https:\/\/www.xn--feuerwehr-prnbach-9zb.de\/wordpress\/wp-content\/uploads\/2021\/05\/Flyer-LRA-neu_Hornissen-und-Wespen.pdf\">Flyer LRA neu Hornissen und Wespen<\/a><\/p>\n<p>F\u00fcr entsprechenden Anfragen wenden Sie sich bitte an die Untere Naturschutzbeh\u00f6rde des Landkreises Pfaffenhofen Dort wird ihre Anfrage dann an einen Wespen- und Hornissenberater weitergeleitet.<\/p>\n<p><img loading=\"lazy\" decoding=\"async\" class=\"alignnone size-large wp-image-270\" src=\"https:\/\/www.xn--feuerwehr-prnbach-9zb.de\/wordpress\/wp-content\/uploads\/2019\/05\/MG_0454-1024x683.jpg\" alt=\"\" width=\"474\" height=\"316\" srcset=\"https:\/\/www.xn--feuerwehr-prnbach-9zb.de\/wordpress\/wp-content\/uploads\/2019\/05\/MG_0454-1024x683.jpg 1024w, https:\/\/www.xn--feuerwehr-prnbach-9zb.de\/wordpress\/wp-content\/uploads\/2019\/05\/MG_0454-300x200.jpg 300w, https:\/\/www.xn--feuerwehr-prnbach-9zb.de\/wordpress\/wp-content\/uploads\/2019\/05\/MG_0454-768x512.jpg 768w\" sizes=\"auto, (max-width: 474px) 100vw, 474px\" \/><\/p>\n","protected":false},"excerpt":{"rendered":"<p>Ab Ende Mai fliegen sie wieder: denn Sommerzeit ist Wespenzeit. Doch die Begegnung mit Wespen ist noch l\u00e4ngst kein Grund zur Panik. Denn Wespe ist nicht gleich Wespe. Lediglich zwei &hellip; <a href=\"https:\/\/www.xn--feuerwehr-prnbach-9zb.de\/wordpress\/index.php\/wespen-hornissen\/\" class=\"more-link\"><span class=\"screen-reader-text\">WESPEN \/ HORNISSEN<\/span> weiterlesen <span class=\"meta-nav\">&rarr;<\/span><\/a><\/p>\n","protected":false},"author":1,"featured_media":262,"parent":0,"menu_order":0,"comment_status":"closed","ping_status":"closed","template":"","meta":{"footnotes":""},"class_list":["post-113","page","type-page","status-publish","has-post-thumbnail","hentry"],"_links":{"self":[{"href":"https:\/\/www.xn--feuerwehr-prnbach-9zb.de\/wordpress\/index.php\/wp-json\/wp\/v2\/pages\/113","targetHints":{"allow":["GET"]}}],"collection":[{"href":"https:\/\/www.xn--feuerwehr-prnbach-9zb.de\/wordpress\/index.php\/wp-json\/wp\/v2\/pages"}],"about":[{"href":"https:\/\/www.xn--feuerwehr-prnbach-9zb.de\/wordpress\/index.php\/wp-json\/wp\/v2\/types\/page"}],"author":[{"embeddable":true,"href":"https:\/\/www.xn--feuerwehr-prnbach-9zb.de\/wordpress\/index.php\/wp-json\/wp\/v2\/users\/1"}],"replies":[{"embeddable":true,"href":"https:\/\/www.xn--feuerwehr-prnbach-9zb.de\/wordpress\/index.php\/wp-json\/wp\/v2\/comments?post=113"}],"version-history":[{"count":8,"href":"https:\/\/www.xn--feuerwehr-prnbach-9zb.de\/wordpress\/index.php\/wp-json\/wp\/v2\/pages\/113\/revisions"}],"predecessor-version":[{"id":1051,"href":"https:\/\/www.xn--feuerwehr-prnbach-9zb.de\/wordpress\/index.php\/wp-json\/wp\/v2\/pages\/113\/revisions\/1051"}],"wp:featuredmedia":[{"embeddable":true,"href":"https:\/\/www.xn--feuerwehr-prnbach-9zb.de\/wordpress\/index.php\/wp-json\/wp\/v2\/media\/262"}],"wp:attachment":[{"href":"https:\/\/www.xn--feuerwehr-prnbach-9zb.de\/wordpress\/index.php\/wp-json\/wp\/v2\/media?parent=113"}],"curies":[{"name":"wp","href":"https:\/\/api.w.org\/{rel}","templated":true}]}}