{"id":112,"date":"2019-05-20T18:59:14","date_gmt":"2019-05-20T18:59:14","guid":{"rendered":"https:\/\/www.xn--feuerwehr-prnbach-9zb.de\/wordpress\/?page_id=112"},"modified":"2019-05-30T22:10:26","modified_gmt":"2019-05-30T20:10:26","slug":"rettungsgasse","status":"publish","type":"page","link":"https:\/\/www.xn--feuerwehr-prnbach-9zb.de\/wordpress\/index.php\/rettungsgasse\/","title":{"rendered":"RETTUNGSGASSE"},"content":{"rendered":"<h1><strong>+LEBEN RETTEN GEHT UNS ALLE AN+<\/strong><\/h1>\n<div><\/div>\n<div>Nach einem Unfall z\u00e4hlt jede Minute!<\/div>\n<div>Durch die Bildung einer Rettungsgasse k\u00f6nnen Sie mit dazu beitragen, schnelle Hilfe zu erm\u00f6glichen und die \u00dcberlebenschance von Unfallopfern zu erh\u00f6hen.<\/div>\n<div><\/div>\n<div>Bereits bei stockendem Verkehr muss eine Rettungsgasse gebildet und offen gehalten werden. Wenn die Fahrzeuge bereits dicht auf dicht stehen, wie es in einem Stau meist der Fall ist, ist es nicht mehr m\u00f6glich, den Einsatzfahrzeugen rechtzeitig Platz zu schaffen.<\/div>\n<div><\/div>\n<div>Befahren werden darf die Rettungsgasse ausschlie\u00dflich von Rettungs- und Hilfsfahrzeugen. Dazu z\u00e4hlen: Rettungsdienst, Feuerwehr, Polizei, Krankenwagen, Abschlepp- und Pannendienstfahrzeuge.<\/div>\n<div><\/div>\n<div>Wenn Sie Fahrzeuge mit Sondersignalen h\u00f6ren oder sehen:<\/div>\n<div><\/div>\n<ul>\n<li>verringern Sie die Geschwindigkeit<\/li>\n<li>halten Sie im Zweifelsfall an<\/li>\n<li>richten Sie Ihr Fahrzeug m\u00f6glichst parallel zur Fahrtrichtung aus, damit das Heck Ihres Fahrzeugs nicht in die Rettungsgasse hineinragt<\/li>\n<li>halten Sie ausreichend Abstand zu Ihrem Vordermann<\/li>\n<li>halten Sie die Rettungsgasse offen! Oftmals folgen weitere Rettungs- und Einsatzfahrzeuge<\/li>\n<\/ul>\n<div><strong>Die Rettungsgasse auf Autobahnen:<\/strong><\/div>\n<div><\/div>\n<div>Fahren Sie auf dem linken Fahrstreifen, so weichen Sie nach links aus. Sind Sie auf den \u00fcbrigen Fahrstreifen unterwegs, so fahren Sie nach rechts.<\/div>\n","protected":false},"excerpt":{"rendered":"<p>+LEBEN RETTEN GEHT UNS ALLE AN+ Nach einem Unfall z\u00e4hlt jede Minute! Durch die Bildung einer Rettungsgasse k\u00f6nnen Sie mit dazu beitragen, schnelle Hilfe zu erm\u00f6glichen und die \u00dcberlebenschance von &hellip; <a href=\"https:\/\/www.xn--feuerwehr-prnbach-9zb.de\/wordpress\/index.php\/rettungsgasse\/\" class=\"more-link\"><span class=\"screen-reader-text\">RETTUNGSGASSE<\/span> weiterlesen <span class=\"meta-nav\">&rarr;<\/span><\/a><\/p>\n","protected":false},"author":1,"featured_media":485,"parent":0,"menu_order":0,"comment_status":"closed","ping_status":"closed","template":"","meta":{"footnotes":""},"class_list":["post-112","page","type-page","status-publish","has-post-thumbnail","hentry"],"_links":{"self":[{"href":"https:\/\/www.xn--feuerwehr-prnbach-9zb.de\/wordpress\/index.php\/wp-json\/wp\/v2\/pages\/112","targetHints":{"allow":["GET"]}}],"collection":[{"href":"https:\/\/www.xn--feuerwehr-prnbach-9zb.de\/wordpress\/index.php\/wp-json\/wp\/v2\/pages"}],"about":[{"href":"https:\/\/www.xn--feuerwehr-prnbach-9zb.de\/wordpress\/index.php\/wp-json\/wp\/v2\/types\/page"}],"author":[{"embeddable":true,"href":"https:\/\/www.xn--feuerwehr-prnbach-9zb.de\/wordpress\/index.php\/wp-json\/wp\/v2\/users\/1"}],"replies":[{"embeddable":true,"href":"https:\/\/www.xn--feuerwehr-prnbach-9zb.de\/wordpress\/index.php\/wp-json\/wp\/v2\/comments?post=112"}],"version-history":[{"count":6,"href":"https:\/\/www.xn--feuerwehr-prnbach-9zb.de\/wordpress\/index.php\/wp-json\/wp\/v2\/pages\/112\/revisions"}],"predecessor-version":[{"id":501,"href":"https:\/\/www.xn--feuerwehr-prnbach-9zb.de\/wordpress\/index.php\/wp-json\/wp\/v2\/pages\/112\/revisions\/501"}],"wp:featuredmedia":[{"embeddable":true,"href":"https:\/\/www.xn--feuerwehr-prnbach-9zb.de\/wordpress\/index.php\/wp-json\/wp\/v2\/media\/485"}],"wp:attachment":[{"href":"https:\/\/www.xn--feuerwehr-prnbach-9zb.de\/wordpress\/index.php\/wp-json\/wp\/v2\/media?parent=112"}],"curies":[{"name":"wp","href":"https:\/\/api.w.org\/{rel}","templated":true}]}}