{"id":111,"date":"2019-05-20T18:59:14","date_gmt":"2019-05-20T18:59:14","guid":{"rendered":"https:\/\/www.xn--feuerwehr-prnbach-9zb.de\/wordpress\/?page_id=111"},"modified":"2020-01-11T13:48:49","modified_gmt":"2020-01-11T12:48:49","slug":"rettungskarte","status":"publish","type":"page","link":"https:\/\/www.xn--feuerwehr-prnbach-9zb.de\/wordpress\/index.php\/rettungskarte\/","title":{"rendered":"RETTUNGSKARTE"},"content":{"rendered":"<p><img loading=\"lazy\" decoding=\"async\" class=\"alignnone wp-image-468 size-full\" src=\"https:\/\/www.xn--feuerwehr-prnbach-9zb.de\/wordpress\/wp-content\/uploads\/2019\/05\/rettungskarte.jpg\" alt=\"\" width=\"400\" height=\"323\" srcset=\"https:\/\/www.xn--feuerwehr-prnbach-9zb.de\/wordpress\/wp-content\/uploads\/2019\/05\/rettungskarte.jpg 400w, https:\/\/www.xn--feuerwehr-prnbach-9zb.de\/wordpress\/wp-content\/uploads\/2019\/05\/rettungskarte-300x242.jpg 300w\" sizes=\"auto, (max-width: 400px) 100vw, 400px\" \/><\/p>\n<p>Moderne Autotechnik bietet mehr Sicherheit, erschwert aber teilweise die rasche Befreiung der Insassen. Wo an der Karosserie Spreizer und Schere anzusetzen sind, welche Vorsichtsma\u00dfnahmen n\u00f6tig sind, um Airbags nicht nachtr\u00e4glich auszul\u00f6sen, ist den Einsatzkr\u00e4ften nicht immer bekannt. F\u00fcr schnellere Rettung sorgt die vom ADAC eingef\u00fchrte und als Standard gesetzte Rettungskarte. Diese soll einheitlich hinter der Fahrersonnenblende angebracht werden bis fl\u00e4chendeckend in ganz Europa eine elektronische Daten\u00fcbermittlung an die Unfallstelle m\u00f6glich ist.<\/p>\n<p>Unterst\u00fctzen Sie die Feuerwehren mit der Integration der Rettungskarte in Ihrem Fahrzeug, um Ihnen im Falle eines schweren Unfalls rasch professionelle Hilfe gew\u00e4hrleisten zu k\u00f6nnen.<\/p>\n<p>Den jede Sekunde Z\u00e4hlt.<\/p>\n<p>Weitere Infos und ein Link zu den einzelnen Fahrzeugherstellern auf der Homepage des\u00a0<a href=\"https:\/\/www.adac.de\/infotestrat\/ratgeber-verkehr\/sicher-unterwegs\/rettungskarte\/default.aspx?ComponentId=32955&amp;SourcePageId=41340\">ADAC<\/a><\/p>\n","protected":false},"excerpt":{"rendered":"<p>Moderne Autotechnik bietet mehr Sicherheit, erschwert aber teilweise die rasche Befreiung der Insassen. Wo an der Karosserie Spreizer und Schere anzusetzen sind, welche Vorsichtsma\u00dfnahmen n\u00f6tig sind, um Airbags nicht nachtr\u00e4glich &hellip; <a href=\"https:\/\/www.xn--feuerwehr-prnbach-9zb.de\/wordpress\/index.php\/rettungskarte\/\" class=\"more-link\"><span class=\"screen-reader-text\">RETTUNGSKARTE<\/span> weiterlesen <span class=\"meta-nav\">&rarr;<\/span><\/a><\/p>\n","protected":false},"author":1,"featured_media":955,"parent":0,"menu_order":0,"comment_status":"closed","ping_status":"closed","template":"","meta":{"footnotes":""},"class_list":["post-111","page","type-page","status-publish","has-post-thumbnail","hentry"],"_links":{"self":[{"href":"https:\/\/www.xn--feuerwehr-prnbach-9zb.de\/wordpress\/index.php\/wp-json\/wp\/v2\/pages\/111","targetHints":{"allow":["GET"]}}],"collection":[{"href":"https:\/\/www.xn--feuerwehr-prnbach-9zb.de\/wordpress\/index.php\/wp-json\/wp\/v2\/pages"}],"about":[{"href":"https:\/\/www.xn--feuerwehr-prnbach-9zb.de\/wordpress\/index.php\/wp-json\/wp\/v2\/types\/page"}],"author":[{"embeddable":true,"href":"https:\/\/www.xn--feuerwehr-prnbach-9zb.de\/wordpress\/index.php\/wp-json\/wp\/v2\/users\/1"}],"replies":[{"embeddable":true,"href":"https:\/\/www.xn--feuerwehr-prnbach-9zb.de\/wordpress\/index.php\/wp-json\/wp\/v2\/comments?post=111"}],"version-history":[{"count":4,"href":"https:\/\/www.xn--feuerwehr-prnbach-9zb.de\/wordpress\/index.php\/wp-json\/wp\/v2\/pages\/111\/revisions"}],"predecessor-version":[{"id":469,"href":"https:\/\/www.xn--feuerwehr-prnbach-9zb.de\/wordpress\/index.php\/wp-json\/wp\/v2\/pages\/111\/revisions\/469"}],"wp:featuredmedia":[{"embeddable":true,"href":"https:\/\/www.xn--feuerwehr-prnbach-9zb.de\/wordpress\/index.php\/wp-json\/wp\/v2\/media\/955"}],"wp:attachment":[{"href":"https:\/\/www.xn--feuerwehr-prnbach-9zb.de\/wordpress\/index.php\/wp-json\/wp\/v2\/media?parent=111"}],"curies":[{"name":"wp","href":"https:\/\/api.w.org\/{rel}","templated":true}]}}