{"id":110,"date":"2019-05-20T18:59:14","date_gmt":"2019-05-20T18:59:14","guid":{"rendered":"https:\/\/www.xn--feuerwehr-prnbach-9zb.de\/wordpress\/?page_id=110"},"modified":"2019-05-29T18:08:57","modified_gmt":"2019-05-29T16:08:57","slug":"rauchmelder","status":"publish","type":"page","link":"https:\/\/www.xn--feuerwehr-prnbach-9zb.de\/wordpress\/index.php\/rauchmelder\/","title":{"rendered":"RAUCHMELDER"},"content":{"rendered":"<p><img loading=\"lazy\" decoding=\"async\" class=\"alignnone wp-image-465 size-large\" src=\"https:\/\/www.xn--feuerwehr-prnbach-9zb.de\/wordpress\/wp-content\/uploads\/2019\/05\/rrl_presse_rauchmeldertag2017_motiv02-1-724x1024.jpg\" alt=\"\" width=\"474\" height=\"670\" srcset=\"https:\/\/www.xn--feuerwehr-prnbach-9zb.de\/wordpress\/wp-content\/uploads\/2019\/05\/rrl_presse_rauchmeldertag2017_motiv02-1-724x1024.jpg 724w, https:\/\/www.xn--feuerwehr-prnbach-9zb.de\/wordpress\/wp-content\/uploads\/2019\/05\/rrl_presse_rauchmeldertag2017_motiv02-1-212x300.jpg 212w, https:\/\/www.xn--feuerwehr-prnbach-9zb.de\/wordpress\/wp-content\/uploads\/2019\/05\/rrl_presse_rauchmeldertag2017_motiv02-1-768x1086.jpg 768w\" sizes=\"auto, (max-width: 474px) 100vw, 474px\" \/><\/p>\n<p>Tagt\u00e4glich gibt es in Deutschland Br\u00e4nde. Br\u00e4nde in unterschiedlichsten Dimensionen, angefangen bei Kellerbr\u00e4nden, \u00fcber Fettbr\u00e4nde, Zimmerbr\u00e4nde bis hin zu kompletten Wohnungsbr\u00e4nden.<\/p>\n<p>Eines haben diese Feuer gemeinsam:<br \/>\n<strong>Sie sind eine gro\u00dfe Gefahr f\u00fcr Menschen.<\/strong><\/p>\n<p>Sch\u00e4tzungsweise\u00a0<strong>500 Menschen sterben pro Jahr bei Feuern<\/strong>, \u00fcber\u00a0<strong>70 % von Ihnen werden nachts im Schlaf<\/strong>\u00a0vom Feuer get\u00f6tet.<\/p>\n<p>Dabei sind es in 90% der F\u00e4lle nicht die Flammen selbst, die t\u00f6ten, sondern die giftigen Rauchgase, die durch die Br\u00e4nde entstehen.<br \/>\nOftmals gen\u00fcgen 2 bis 3 Atemz\u00fcge, um eine tiefe Bewusstlosigkeit oder den sofortigen Tod hervorzurufen.<\/p>\n<p>W\u00e4hrend des Schlafes ist der Geruchssinn beim Menschen nicht aktiv, das Geh\u00f6r aber schon.<\/p>\n<p>In den meisten Brandf\u00e4llen h\u00e4tte ein Rauchmelder den Tod von Menschen verhindert!<br \/>\nDas ist der Hauptgrund, warum Feuerwehren und Verb\u00e4nde die Einf\u00fchrung einer fl\u00e4chendeckenden\u00a0<strong>Rauchmelderpflicht<\/strong>\u00a0fordern.<\/p>\n<p>Einige Bundesl\u00e4nder gehen seit Jahren mit guten Beispielen voran und die Statistiken der Opferzahlen sprechen eine deutliche Sprache\u00a0<strong>f\u00fcr Rauchmelder<\/strong>.<\/p>\n<h2>F\u00fcr welche Wohnungen gilt die Rauchmelderpflicht in Bayern?<\/h2>\n<ul>\n<li><strong>alle Neubauten<\/strong>, die ab dem 1. Januar 2013 errichtet werden<\/li>\n<li><strong>alle Bestandswohnungen<\/strong>\u00a0m\u00fcssen bis zum 31.Dezember 2017 nachger\u00fcstet werden<\/li>\n<\/ul>\n<h2>Wie viele Rauchmelder m\u00fcssen in einer Wohnung installiert werden?<\/h2>\n<p>Vorgeschrieben ist laut Gesetz mindestens 1 Rauchmelder in jedem Kinderzimmer, in jedem Schlafzimmer und in jedem Flur, der eine Verbindunng zu Aufenthaltsr\u00e4umen hat.<\/p>\n<h2>Wer ist f\u00fcr Einbau und Wartung der Rauchmelder zust\u00e4ndig?<\/h2>\n<ul>\n<li>Zust\u00e4ndig f\u00fcr den Einbau der Rauchmelder sind die\u00a0<em><strong>Eigent\u00fcmer der Wohnungen<\/strong><\/em>. (Eigent\u00fcmer sind in der Regel die Vermieter)<\/li>\n<li><em><strong>Der Besitzer der Wohnung<\/strong><\/em>\u00a0(in der Regel die Mieter) ist\u00a0<em><strong>f\u00fcr die Sicherstellung der Betriebsbereitschaft<\/strong><\/em>\u00a0der Rauchmelder zust\u00e4ndig, es sei denn, der Eigent\u00fcmer (Vermieter) \u00fcbernimmt die Wartung selbst. F\u00fcr diesen Fall kann er die anfallenden Kosten im Rahmen der j\u00e4hrlichen Nebenkostenabrechnung auf den Mieter umlegen.<\/li>\n<\/ul>\n<h2>Wo wird die Rauchmelderpflicht Bayern gesetzlich geregelt?<\/h2>\n<p>Die Rauchmelderpflicht Bayern wird in der Bayerischen Bauordnung (BayBO) geregelt, welche Sie\u00a0<a title=\"BayBO\" href=\"http:\/\/www.gesetze-bayern.de\/jportal\/portal\/page\/bsbayprod.psml?showdoccase=1&amp;doc.id=jlr-BauOBY2007rahmen&amp;doc.part=X\">hier<\/a>\u00a0finden.<\/p>\n","protected":false},"excerpt":{"rendered":"<p>Tagt\u00e4glich gibt es in Deutschland Br\u00e4nde. Br\u00e4nde in unterschiedlichsten Dimensionen, angefangen bei Kellerbr\u00e4nden, \u00fcber Fettbr\u00e4nde, Zimmerbr\u00e4nde bis hin zu kompletten Wohnungsbr\u00e4nden. Eines haben diese Feuer gemeinsam: Sie sind eine gro\u00dfe &hellip; <a href=\"https:\/\/www.xn--feuerwehr-prnbach-9zb.de\/wordpress\/index.php\/rauchmelder\/\" class=\"more-link\"><span class=\"screen-reader-text\">RAUCHMELDER<\/span> weiterlesen <span class=\"meta-nav\">&rarr;<\/span><\/a><\/p>\n","protected":false},"author":1,"featured_media":0,"parent":0,"menu_order":0,"comment_status":"closed","ping_status":"closed","template":"","meta":{"footnotes":""},"class_list":["post-110","page","type-page","status-publish","hentry"],"_links":{"self":[{"href":"https:\/\/www.xn--feuerwehr-prnbach-9zb.de\/wordpress\/index.php\/wp-json\/wp\/v2\/pages\/110","targetHints":{"allow":["GET"]}}],"collection":[{"href":"https:\/\/www.xn--feuerwehr-prnbach-9zb.de\/wordpress\/index.php\/wp-json\/wp\/v2\/pages"}],"about":[{"href":"https:\/\/www.xn--feuerwehr-prnbach-9zb.de\/wordpress\/index.php\/wp-json\/wp\/v2\/types\/page"}],"author":[{"embeddable":true,"href":"https:\/\/www.xn--feuerwehr-prnbach-9zb.de\/wordpress\/index.php\/wp-json\/wp\/v2\/users\/1"}],"replies":[{"embeddable":true,"href":"https:\/\/www.xn--feuerwehr-prnbach-9zb.de\/wordpress\/index.php\/wp-json\/wp\/v2\/comments?post=110"}],"version-history":[{"count":4,"href":"https:\/\/www.xn--feuerwehr-prnbach-9zb.de\/wordpress\/index.php\/wp-json\/wp\/v2\/pages\/110\/revisions"}],"predecessor-version":[{"id":466,"href":"https:\/\/www.xn--feuerwehr-prnbach-9zb.de\/wordpress\/index.php\/wp-json\/wp\/v2\/pages\/110\/revisions\/466"}],"wp:attachment":[{"href":"https:\/\/www.xn--feuerwehr-prnbach-9zb.de\/wordpress\/index.php\/wp-json\/wp\/v2\/media?parent=110"}],"curies":[{"name":"wp","href":"https:\/\/api.w.org\/{rel}","templated":true}]}}