{"id":109,"date":"2019-05-20T18:59:14","date_gmt":"2019-05-20T18:59:14","guid":{"rendered":"https:\/\/www.xn--feuerwehr-prnbach-9zb.de\/wordpress\/?page_id=109"},"modified":"2022-04-26T17:45:08","modified_gmt":"2022-04-26T15:45:08","slug":"mach-mit","status":"publish","type":"page","link":"https:\/\/www.xn--feuerwehr-prnbach-9zb.de\/wordpress\/index.php\/mach-mit\/","title":{"rendered":"MACH MIT!!!"},"content":{"rendered":"<p><img loading=\"lazy\" decoding=\"async\" class=\"alignnone size-large wp-image-275\" src=\"https:\/\/www.xn--feuerwehr-prnbach-9zb.de\/wordpress\/wp-content\/uploads\/2019\/05\/MG_7787-Bearbeitet-Bearbeitet-683x1024.jpg\" alt=\"\" width=\"474\" height=\"711\" srcset=\"https:\/\/www.xn--feuerwehr-prnbach-9zb.de\/wordpress\/wp-content\/uploads\/2019\/05\/MG_7787-Bearbeitet-Bearbeitet-683x1024.jpg 683w, https:\/\/www.xn--feuerwehr-prnbach-9zb.de\/wordpress\/wp-content\/uploads\/2019\/05\/MG_7787-Bearbeitet-Bearbeitet-200x300.jpg 200w, https:\/\/www.xn--feuerwehr-prnbach-9zb.de\/wordpress\/wp-content\/uploads\/2019\/05\/MG_7787-Bearbeitet-Bearbeitet-768x1152.jpg 768w\" sizes=\"auto, (max-width: 474px) 100vw, 474px\" \/><br \/>\n<b><\/b><\/p>\n<h1><span style=\"color: #ff0000;\"><b>DU<\/b><\/span><\/h1>\n<p>bist zwischen 14 und 18 Jahren alt<br \/>\nwohnst in der Gemeinde P\u00f6rnbach,<br \/>\nbist teamf\u00e4hig und hilfsbereit,<br \/>\nm\u00f6chtest neue Leute kennen lernen,<br \/>\nbist interessiert an Technik,<br \/>\ndann bist DU hier genau richtig!<br \/>\n<a href=\"https:\/\/www.feuerwehr-p\u00f6rnbach.de\/wordpress\/wp-content\/uploads\/2021\/05\/Aufnahmeantrag-aktiv-passiv-2018.pdf\">Aufnahmeantrag Jugend<\/a><\/p>\n","protected":false},"excerpt":{"rendered":"<p>DU bist zwischen 14 und 18 Jahren alt wohnst in der Gemeinde P\u00f6rnbach, bist teamf\u00e4hig und hilfsbereit, m\u00f6chtest neue Leute kennen lernen, bist interessiert an Technik, dann bist DU hier &hellip; <a href=\"https:\/\/www.xn--feuerwehr-prnbach-9zb.de\/wordpress\/index.php\/mach-mit\/\" class=\"more-link\"><span class=\"screen-reader-text\">MACH MIT!!!<\/span> weiterlesen <span class=\"meta-nav\">&rarr;<\/span><\/a><\/p>\n","protected":false},"author":1,"featured_media":0,"parent":0,"menu_order":0,"comment_status":"closed","ping_status":"closed","template":"","meta":{"footnotes":""},"class_list":["post-109","page","type-page","status-publish","hentry"],"_links":{"self":[{"href":"https:\/\/www.xn--feuerwehr-prnbach-9zb.de\/wordpress\/index.php\/wp-json\/wp\/v2\/pages\/109","targetHints":{"allow":["GET"]}}],"collection":[{"href":"https:\/\/www.xn--feuerwehr-prnbach-9zb.de\/wordpress\/index.php\/wp-json\/wp\/v2\/pages"}],"about":[{"href":"https:\/\/www.xn--feuerwehr-prnbach-9zb.de\/wordpress\/index.php\/wp-json\/wp\/v2\/types\/page"}],"author":[{"embeddable":true,"href":"https:\/\/www.xn--feuerwehr-prnbach-9zb.de\/wordpress\/index.php\/wp-json\/wp\/v2\/users\/1"}],"replies":[{"embeddable":true,"href":"https:\/\/www.xn--feuerwehr-prnbach-9zb.de\/wordpress\/index.php\/wp-json\/wp\/v2\/comments?post=109"}],"version-history":[{"count":6,"href":"https:\/\/www.xn--feuerwehr-prnbach-9zb.de\/wordpress\/index.php\/wp-json\/wp\/v2\/pages\/109\/revisions"}],"predecessor-version":[{"id":1126,"href":"https:\/\/www.xn--feuerwehr-prnbach-9zb.de\/wordpress\/index.php\/wp-json\/wp\/v2\/pages\/109\/revisions\/1126"}],"wp:attachment":[{"href":"https:\/\/www.xn--feuerwehr-prnbach-9zb.de\/wordpress\/index.php\/wp-json\/wp\/v2\/media?parent=109"}],"curies":[{"name":"wp","href":"https:\/\/api.w.org\/{rel}","templated":true}]}}