{"id":107,"date":"2019-05-20T18:59:14","date_gmt":"2019-05-20T18:59:14","guid":{"rendered":"https:\/\/www.xn--feuerwehr-prnbach-9zb.de\/wordpress\/?page_id=107"},"modified":"2026-02-21T12:08:04","modified_gmt":"2026-02-21T11:08:04","slug":"wer-sind-wir","status":"publish","type":"page","link":"https:\/\/www.xn--feuerwehr-prnbach-9zb.de\/wordpress\/index.php\/wer-sind-wir\/","title":{"rendered":"WER SIND WIR?"},"content":{"rendered":"<p>&nbsp;<\/p>\n<p>In der P\u00f6rnbacher Feuerwehr besteht nun seit vielen Jahren eine aktive Jugendfeuerwehr. Betreut werden die 12- bis 18-J\u00e4hrigen durch eigene Jugendwarte der Feuerwehr P\u00f6rnbach.<\/p>\n<p>Die Aufgaben der Jugendfeuerwehr beschr\u00e4nken sich auf das Kennenlernen und die Handhabung der Ger\u00e4te, um f\u00fcr den sp\u00e4teren Feuerwehrdienst ger\u00fcstet zu sein.<\/p>\n<p>Selbstverst\u00e4ndlich steht \u00fcber Allem eine gute Kameradschaft und auch das gem\u00fctliche Zusammensein soll nicht zu kurz kommen.<\/p>\n<p>Die Ausbildung in der Feuerwehr wird in 14-t\u00e4gigen \u00dcbungen bzw. Unterrichtsstunden durchgef\u00fchrt. Diese \u00dcbungen werden speziell f\u00fcr die Jugendlichen abgehalten, um die feuerwehrtechnischen Grundlagen sicher vermitteln zu k\u00f6nnen. Die Dauer der \u00dcbungsstunden<br \/>\nbetr\u00e4t ca. 1\u20131,5 Stunden. Ziel hierbei ist es, den Jugendlichen neben den Grundaufgaben der Feuerwehr auch Verantwortungsbewusstsein, Teamgeist und Kameradschaft zu vermitteln.<br \/>\nAuch die Freizeitaktivit\u00e4ten sollen in der Jugendfeuerwehr nicht zu kurz kommen. Jedes Jahr werden Tagesausfl\u00fcge und Zeltlager durchgef\u00fchrt.<\/p>\n<p><img loading=\"lazy\" decoding=\"async\" class=\"alignnone size-thumbnail wp-image-266\" src=\"https:\/\/www.xn--feuerwehr-prnbach-9zb.de\/wordpress\/wp-content\/uploads\/2019\/05\/Gold-150x150.jpg\" alt=\"\" width=\"150\" height=\"150\" srcset=\"https:\/\/www.xn--feuerwehr-prnbach-9zb.de\/wordpress\/wp-content\/uploads\/2019\/05\/Gold-150x150.jpg 150w, https:\/\/www.xn--feuerwehr-prnbach-9zb.de\/wordpress\/wp-content\/uploads\/2019\/05\/Gold-300x300.jpg 300w, https:\/\/www.xn--feuerwehr-prnbach-9zb.de\/wordpress\/wp-content\/uploads\/2019\/05\/Gold-768x768.jpg 768w, https:\/\/www.xn--feuerwehr-prnbach-9zb.de\/wordpress\/wp-content\/uploads\/2019\/05\/Gold-1024x1024.jpg 1024w\" sizes=\"auto, (max-width: 150px) 100vw, 150px\" \/> <img loading=\"lazy\" decoding=\"async\" class=\"alignnone size-thumbnail wp-image-269\" src=\"https:\/\/www.xn--feuerwehr-prnbach-9zb.de\/wordpress\/wp-content\/uploads\/2019\/05\/Silber-150x150.jpg\" alt=\"\" width=\"150\" height=\"150\" srcset=\"https:\/\/www.xn--feuerwehr-prnbach-9zb.de\/wordpress\/wp-content\/uploads\/2019\/05\/Silber-150x150.jpg 150w, https:\/\/www.xn--feuerwehr-prnbach-9zb.de\/wordpress\/wp-content\/uploads\/2019\/05\/Silber-300x300.jpg 300w, https:\/\/www.xn--feuerwehr-prnbach-9zb.de\/wordpress\/wp-content\/uploads\/2019\/05\/Silber-768x768.jpg 768w, https:\/\/www.xn--feuerwehr-prnbach-9zb.de\/wordpress\/wp-content\/uploads\/2019\/05\/Silber-1024x1024.jpg 1024w\" sizes=\"auto, (max-width: 150px) 100vw, 150px\" \/> <img loading=\"lazy\" decoding=\"async\" class=\"alignnone size-thumbnail wp-image-265\" src=\"https:\/\/www.xn--feuerwehr-prnbach-9zb.de\/wordpress\/wp-content\/uploads\/2019\/05\/Bronze-150x150.jpg\" alt=\"\" width=\"150\" height=\"150\" srcset=\"https:\/\/www.xn--feuerwehr-prnbach-9zb.de\/wordpress\/wp-content\/uploads\/2019\/05\/Bronze-150x150.jpg 150w, https:\/\/www.xn--feuerwehr-prnbach-9zb.de\/wordpress\/wp-content\/uploads\/2019\/05\/Bronze-300x300.jpg 300w, https:\/\/www.xn--feuerwehr-prnbach-9zb.de\/wordpress\/wp-content\/uploads\/2019\/05\/Bronze-768x768.jpg 768w, https:\/\/www.xn--feuerwehr-prnbach-9zb.de\/wordpress\/wp-content\/uploads\/2019\/05\/Bronze-1024x1024.jpg 1024w\" sizes=\"auto, (max-width: 150px) 100vw, 150px\" \/> <img loading=\"lazy\" decoding=\"async\" class=\"alignnone wp-image-264 \" src=\"https:\/\/www.xn--feuerwehr-prnbach-9zb.de\/wordpress\/wp-content\/uploads\/2019\/05\/Abzeichen-300x200.jpg\" alt=\"\" width=\"455\" height=\"303\" srcset=\"https:\/\/www.xn--feuerwehr-prnbach-9zb.de\/wordpress\/wp-content\/uploads\/2019\/05\/Abzeichen-300x200.jpg 300w, https:\/\/www.xn--feuerwehr-prnbach-9zb.de\/wordpress\/wp-content\/uploads\/2019\/05\/Abzeichen-768x512.jpg 768w, https:\/\/www.xn--feuerwehr-prnbach-9zb.de\/wordpress\/wp-content\/uploads\/2019\/05\/Abzeichen-1024x683.jpg 1024w\" sizes=\"auto, (max-width: 455px) 100vw, 455px\" \/><\/p>\n","protected":false},"excerpt":{"rendered":"<p>&nbsp; In der P\u00f6rnbacher Feuerwehr besteht nun seit vielen Jahren eine aktive Jugendfeuerwehr. Betreut werden die 12- bis 18-J\u00e4hrigen durch eigene Jugendwarte der Feuerwehr P\u00f6rnbach. Die Aufgaben der Jugendfeuerwehr beschr\u00e4nken &hellip; <a href=\"https:\/\/www.xn--feuerwehr-prnbach-9zb.de\/wordpress\/index.php\/wer-sind-wir\/\" class=\"more-link\"><span class=\"screen-reader-text\">WER SIND WIR?<\/span> weiterlesen <span class=\"meta-nav\">&rarr;<\/span><\/a><\/p>\n","protected":false},"author":1,"featured_media":271,"parent":0,"menu_order":0,"comment_status":"closed","ping_status":"closed","template":"","meta":{"footnotes":""},"class_list":["post-107","page","type-page","status-publish","has-post-thumbnail","hentry"],"_links":{"self":[{"href":"https:\/\/www.xn--feuerwehr-prnbach-9zb.de\/wordpress\/index.php\/wp-json\/wp\/v2\/pages\/107","targetHints":{"allow":["GET"]}}],"collection":[{"href":"https:\/\/www.xn--feuerwehr-prnbach-9zb.de\/wordpress\/index.php\/wp-json\/wp\/v2\/pages"}],"about":[{"href":"https:\/\/www.xn--feuerwehr-prnbach-9zb.de\/wordpress\/index.php\/wp-json\/wp\/v2\/types\/page"}],"author":[{"embeddable":true,"href":"https:\/\/www.xn--feuerwehr-prnbach-9zb.de\/wordpress\/index.php\/wp-json\/wp\/v2\/users\/1"}],"replies":[{"embeddable":true,"href":"https:\/\/www.xn--feuerwehr-prnbach-9zb.de\/wordpress\/index.php\/wp-json\/wp\/v2\/comments?post=107"}],"version-history":[{"count":7,"href":"https:\/\/www.xn--feuerwehr-prnbach-9zb.de\/wordpress\/index.php\/wp-json\/wp\/v2\/pages\/107\/revisions"}],"predecessor-version":[{"id":1396,"href":"https:\/\/www.xn--feuerwehr-prnbach-9zb.de\/wordpress\/index.php\/wp-json\/wp\/v2\/pages\/107\/revisions\/1396"}],"wp:featuredmedia":[{"embeddable":true,"href":"https:\/\/www.xn--feuerwehr-prnbach-9zb.de\/wordpress\/index.php\/wp-json\/wp\/v2\/media\/271"}],"wp:attachment":[{"href":"https:\/\/www.xn--feuerwehr-prnbach-9zb.de\/wordpress\/index.php\/wp-json\/wp\/v2\/media?parent=107"}],"curies":[{"name":"wp","href":"https:\/\/api.w.org\/{rel}","templated":true}]}}