{"id":10,"date":"2019-05-19T20:20:41","date_gmt":"2019-05-19T20:20:41","guid":{"rendered":"https:\/\/www.xn--feuerwehr-prnbach-9zb.de\/wordpress\/?page_id=10"},"modified":"2024-06-17T20:07:40","modified_gmt":"2024-06-17T18:07:40","slug":"kontakt","status":"publish","type":"page","link":"https:\/\/www.xn--feuerwehr-prnbach-9zb.de\/wordpress\/index.php\/kontakt\/","title":{"rendered":"Kontakt"},"content":{"rendered":"<p><strong>Freiwillige Feuerwehr P\u00f6rnbach e.V.<\/strong><br \/>\nAm Weiher 10<br \/>\n85309 P\u00f6rnbach<br \/>\nE-Mail: <a href=\"mailto:info@xn--feuerwehr-prnbach-9zb.de\">Info@Feuerwehr-P\u00f6rnbach.de<\/a><\/p>\n<p><strong>1.Vorsitzende<\/strong><br \/>\nLukas Schneider<br \/>\nE-Mail:<\/p>\n<p><strong>stv. Vorsitzende<br \/>\n<\/strong>Maximilian Felber<br \/>\nE-Mail:<\/p>\n<p><strong>Kommandant<\/strong><br \/>\nChristian Klotz<br \/>\nE-Mail:<\/p>\n<p><strong>stv. Kommandant<\/strong><br \/>\nGeorg Kraus<br \/>\nE-Mail:<\/p>\n<p><strong>weiterer stv. Kommandant<\/strong><br \/>\nThomas Leopold<br \/>\nE-Mail:<\/p>\n","protected":false},"excerpt":{"rendered":"<p>Freiwillige Feuerwehr P\u00f6rnbach e.V. Am Weiher 10 85309 P\u00f6rnbach E-Mail: Info@Feuerwehr-P\u00f6rnbach.de 1.Vorsitzende Lukas Schneider E-Mail: stv. Vorsitzende Maximilian Felber E-Mail: Kommandant Christian Klotz E-Mail: stv. Kommandant Georg Kraus E-Mail: weiterer &hellip; <a href=\"https:\/\/www.xn--feuerwehr-prnbach-9zb.de\/wordpress\/index.php\/kontakt\/\" class=\"more-link\"><span class=\"screen-reader-text\">Kontakt<\/span> weiterlesen <span class=\"meta-nav\">&rarr;<\/span><\/a><\/p>\n","protected":false},"author":1,"featured_media":0,"parent":0,"menu_order":0,"comment_status":"closed","ping_status":"closed","template":"","meta":{"footnotes":""},"class_list":["post-10","page","type-page","status-publish","hentry"],"_links":{"self":[{"href":"https:\/\/www.xn--feuerwehr-prnbach-9zb.de\/wordpress\/index.php\/wp-json\/wp\/v2\/pages\/10","targetHints":{"allow":["GET"]}}],"collection":[{"href":"https:\/\/www.xn--feuerwehr-prnbach-9zb.de\/wordpress\/index.php\/wp-json\/wp\/v2\/pages"}],"about":[{"href":"https:\/\/www.xn--feuerwehr-prnbach-9zb.de\/wordpress\/index.php\/wp-json\/wp\/v2\/types\/page"}],"author":[{"embeddable":true,"href":"https:\/\/www.xn--feuerwehr-prnbach-9zb.de\/wordpress\/index.php\/wp-json\/wp\/v2\/users\/1"}],"replies":[{"embeddable":true,"href":"https:\/\/www.xn--feuerwehr-prnbach-9zb.de\/wordpress\/index.php\/wp-json\/wp\/v2\/comments?post=10"}],"version-history":[{"count":7,"href":"https:\/\/www.xn--feuerwehr-prnbach-9zb.de\/wordpress\/index.php\/wp-json\/wp\/v2\/pages\/10\/revisions"}],"predecessor-version":[{"id":1366,"href":"https:\/\/www.xn--feuerwehr-prnbach-9zb.de\/wordpress\/index.php\/wp-json\/wp\/v2\/pages\/10\/revisions\/1366"}],"wp:attachment":[{"href":"https:\/\/www.xn--feuerwehr-prnbach-9zb.de\/wordpress\/index.php\/wp-json\/wp\/v2\/media?parent=10"}],"curies":[{"name":"wp","href":"https:\/\/api.w.org\/{rel}","templated":true}]}}